{"id":546,"date":"2020-08-26T03:14:51","date_gmt":"2020-08-26T03:14:51","guid":{"rendered":"http:\/\/zy.websiberprime.com\/contact\/"},"modified":"2024-03-18T08:13:10","modified_gmt":"2024-03-18T08:13:10","slug":"iletisim","status":"publish","type":"page","link":"https:\/\/kemerce.com\/en\/iletisim\/","title":{"rendered":"Contact"},"content":{"rendered":"\n<div class=\"wp-block-cover is-light\" style=\"min-height:450px\"><span aria-hidden=\"true\" class=\"wp-block-cover__gradient-background has-background-dim\"><\/span><img loading=\"lazy\" width=\"2560\" height=\"1707\" class=\"wp-block-cover__image-background wp-image-1151\" alt=\"\" src=\"https:\/\/kemerce.com\/wp-content\/uploads\/2022\/02\/shutterstock_279590831-1-scaled.jpg\" data-object-fit=\"cover\" srcset=\"https:\/\/kemerce.com\/wp-content\/uploads\/2022\/02\/shutterstock_279590831-1-scaled.jpg 2560w, https:\/\/kemerce.com\/wp-content\/uploads\/2022\/02\/shutterstock_279590831-1-scaled-300x200.jpg 300w, https:\/\/kemerce.com\/wp-content\/uploads\/2022\/02\/shutterstock_279590831-1-1024x683.jpg 1024w, https:\/\/kemerce.com\/wp-content\/uploads\/2022\/02\/shutterstock_279590831-1-768x512.jpg 768w, https:\/\/kemerce.com\/wp-content\/uploads\/2022\/02\/shutterstock_279590831-1-1536x1024.jpg 1536w, https:\/\/kemerce.com\/wp-content\/uploads\/2022\/02\/shutterstock_279590831-1-2048x1365.jpg 2048w\" sizes=\"(max-width: 2560px) 100vw, 2560px\" \/><div class=\"wp-block-cover__inner-container\">\n<p class=\"has-text-align-center has-large-font-size\"><\/p>\n<\/div><\/div>\n\n\n\n<div class=\"wp-block-columns ghostkit-custom-Z177697\">\n<div class=\"wp-block-column\">\n<div class=\"wp-block-uagb-google-map uagb-google-map__wrap uagb-block-c53f149a\"><\/div>\n<\/div>\n\n\n\n<div class=\"wp-block-column is-vertically-aligned-center\">\n<div class=\"wp-block-columns are-vertically-aligned-center\">\n<div class=\"wp-block-column is-vertically-aligned-center\">\n<p>Bah\u00e7e: Kemerk\u00f6y salihli manisa<br>Fabrika: P\u0131naralt\u0131 mevki No 3 Ayvac\u0131k \u00c7anakkale<br>Merkez: KOSKA cd. No 6\/118 FATIH ISTANBUL<\/p>\n<\/div>\n\n\n\n<div class=\"wp-block-column is-vertically-aligned-center\">\n<p>Telefon: 0212 5188280<br>Cep: 0533 2804060<br>Faks: 0212 5188290<\/p>\n\n\n\n<p>Email : contacts@company.com<\/p>\n<\/div>\n<\/div>\n<\/div>\n<\/div>\n","protected":false},"excerpt":{"rendered":"<p>Bah\u00e7e: Kemerk\u00f6y salihli manisaFabrika: P\u0131naralt\u0131 mevki No 3 Ayvac\u0131k \u00c7anakkaleMerkez: KOSKA cd. No 6\/118 FATIH ISTANBUL Telefon: 0212 5188280Cep: 0533 2804060Faks: 0212 5188290 Email : contacts@company.com<\/p>\n","protected":false},"author":1,"featured_media":0,"parent":0,"menu_order":0,"comment_status":"closed","ping_status":"closed","template":"","meta":{"ghostkit_customizer_options":"","ghostkit_custom_css":"","ghostkit_custom_js_head":"","ghostkit_custom_js_foot":"","ghostkit_typography":"","site-sidebar-layout":"no-sidebar","site-content-layout":"page-builder","ast-main-header-display":"","ast-hfb-above-header-display":"","ast-hfb-below-header-display":"","ast-hfb-mobile-header-display":"","site-post-title":"disabled","ast-breadcrumbs-content":"disabled","ast-featured-img":"disabled","footer-sml-layout":"","theme-transparent-header-meta":"enabled","adv-header-id-meta":"","stick-header-meta":"","header-above-stick-meta":"","header-main-stick-meta":"","header-below-stick-meta":""},"uagb_featured_image_src":{"full":false,"thumbnail":false,"medium":false,"medium_large":false,"large":false,"1536x1536":false,"2048x2048":false,"woocommerce_thumbnail":false,"woocommerce_single":false,"woocommerce_gallery_thumbnail":false,"shop_catalog":false,"shop_single":false,"shop_thumbnail":false},"uagb_author_info":{"display_name":"admin","author_link":"https:\/\/kemerce.com\/en\/author\/admin\/"},"uagb_comment_info":0,"uagb_excerpt":"Bah\u00e7e: Kemerk\u00f6y salihli manisaFabrika: P\u0131naralt\u0131 mevki No 3 Ayvac\u0131k \u00c7anakkaleMerkez: KOSKA cd. No 6\/118 FATIH ISTANBUL Telefon: 0212 5188280Cep: 0533 2804060Faks: 0212 5188290 Email : contacts@company.com","_links":{"self":[{"href":"https:\/\/kemerce.com\/en\/wp-json\/wp\/v2\/pages\/546"}],"collection":[{"href":"https:\/\/kemerce.com\/en\/wp-json\/wp\/v2\/pages"}],"about":[{"href":"https:\/\/kemerce.com\/en\/wp-json\/wp\/v2\/types\/page"}],"author":[{"embeddable":true,"href":"https:\/\/kemerce.com\/en\/wp-json\/wp\/v2\/users\/1"}],"replies":[{"embeddable":true,"href":"https:\/\/kemerce.com\/en\/wp-json\/wp\/v2\/comments?post=546"}],"version-history":[{"count":90,"href":"https:\/\/kemerce.com\/en\/wp-json\/wp\/v2\/pages\/546\/revisions"}],"predecessor-version":[{"id":1762,"href":"https:\/\/kemerce.com\/en\/wp-json\/wp\/v2\/pages\/546\/revisions\/1762"}],"wp:attachment":[{"href":"https:\/\/kemerce.com\/en\/wp-json\/wp\/v2\/media?parent=546"}],"curies":[{"name":"wp","href":"https:\/\/api.w.org\/{rel}","templated":true}]}}